{"id":5,"date":"2018-08-27T08:18:55","date_gmt":"2018-08-27T08:18:55","guid":{"rendered":"http:\/\/10.40.17.220\/pb\/about\/"},"modified":"2019-07-22T09:31:22","modified_gmt":"2019-07-22T09:31:22","slug":"about","status":"publish","type":"page","link":"http:\/\/pb.ee.pw.edu.pl\/pb\/about\/","title":{"rendered":"About"},"content":{"rendered":"<p>This site was with support of the project\u00a0 &#8220;Nauka &#8211; Edukacja &#8211; Rozw\u00f3j &#8211; Wsp\u00f3\u0142praca&#8221;.<\/p>\n<p>&nbsp;<\/p>\n<p>Pressbooks is a book production software. One can use Pressbooks to publish textbooks, scholarly monographs, syllabi, fiction and non-fiction books, white papers, and more in multiple formats including:<\/p>\n<ul>\n<li>MOBI (for Kindle ebooks)<\/li>\n<li>EPUB (for all other ebookstores)<\/li>\n<li>designed PDF (for print-on-demand and digital distribution)<\/li>\n<\/ul>\n<p>Pressbooks is used by educational institutions around the world as well as authors and publishers.<\/p>\n<p>For more information about Pressbooks, <a href=\"https:\/\/pressbooks.com\/about\">see here<\/a>.<\/p>\n","protected":false},"excerpt":{"rendered":"<p>This site was with support of the project\u00a0 &#8220;Nauka &#8211; Edukacja &#8211; Rozw\u00f3j &#8211; Wsp\u00f3\u0142praca&#8221;. &nbsp; Pressbooks is a book production software. One can use Pressbooks to publish textbooks, scholarly monographs, syllabi, fiction and non-fiction books, white papers, and more in multiple formats including: MOBI (for Kindle ebooks) EPUB (for all other ebookstores) designed PDF &hellip; <a href=\"http:\/\/pb.ee.pw.edu.pl\/pb\/about\/\">Continued<\/a><\/p>\n","protected":false},"author":1,"featured_media":0,"parent":0,"menu_order":0,"comment_status":"closed","ping_status":"closed","template":"","meta":{"footnotes":""},"_links":{"self":[{"href":"http:\/\/pb.ee.pw.edu.pl\/pb\/wp-json\/wp\/v2\/pages\/5"}],"collection":[{"href":"http:\/\/pb.ee.pw.edu.pl\/pb\/wp-json\/wp\/v2\/pages"}],"about":[{"href":"http:\/\/pb.ee.pw.edu.pl\/pb\/wp-json\/wp\/v2\/types\/page"}],"author":[{"embeddable":true,"href":"http:\/\/pb.ee.pw.edu.pl\/pb\/wp-json\/wp\/v2\/users\/1"}],"replies":[{"embeddable":true,"href":"http:\/\/pb.ee.pw.edu.pl\/pb\/wp-json\/wp\/v2\/comments?post=5"}],"version-history":[{"count":2,"href":"http:\/\/pb.ee.pw.edu.pl\/pb\/wp-json\/wp\/v2\/pages\/5\/revisions"}],"predecessor-version":[{"id":47,"href":"http:\/\/pb.ee.pw.edu.pl\/pb\/wp-json\/wp\/v2\/pages\/5\/revisions\/47"}],"wp:attachment":[{"href":"http:\/\/pb.ee.pw.edu.pl\/pb\/wp-json\/wp\/v2\/media?parent=5"}],"curies":[{"name":"wp","href":"https:\/\/api.w.org\/{rel}","templated":true}]}}